{"id":70,"date":"2023-03-03T23:29:36","date_gmt":"2023-03-03T22:29:36","guid":{"rendered":"https:\/\/schubartschule.de\/?page_id=70"},"modified":"2023-03-03T23:29:36","modified_gmt":"2023-03-03T22:29:36","slug":"startseite","status":"publish","type":"page","link":"https:\/\/schubartschule.de\/","title":{"rendered":"Startseite"},"content":{"rendered":"\n<h1 class=\"wp-block-heading\">Herzlich willkommen, liebe Besucher!<\/h1>\n\n\n\n<p>Sch\u00f6n, dass Sie unsere Internetseite besuchen. Informieren Sie sich \u00fcber alles, was unser Schulleben ausmacht. \u00dcber die Besonderheiten an unserer Schule, \u00fcber die Menschen, die in der Schule arbeiten, \u00fcber die schulischen Veranstaltungen, \u00fcber die Betreuung der Kinder oder auch \u00fcber die angebotenen Arbeitsgemeinschaften oder das Schulessen.<\/p>\n","protected":false},"excerpt":{"rendered":"<p>Herzlich willkommen, liebe Besucher! Sch\u00f6n, dass Sie unsere Internetseite besuchen. Informieren Sie sich \u00fcber alles, was unser Schulleben ausmacht. \u00dcber die Besonderheiten an unserer Schule,&hellip;<\/p>\n","protected":false},"author":2,"featured_media":0,"parent":0,"menu_order":0,"comment_status":"closed","ping_status":"closed","template":"","meta":{"footnotes":""},"class_list":["post-70","page","type-page","status-publish","hentry"],"_links":{"self":[{"href":"https:\/\/schubartschule.de\/index.php?rest_route=\/wp\/v2\/pages\/70","targetHints":{"allow":["GET"]}}],"collection":[{"href":"https:\/\/schubartschule.de\/index.php?rest_route=\/wp\/v2\/pages"}],"about":[{"href":"https:\/\/schubartschule.de\/index.php?rest_route=\/wp\/v2\/types\/page"}],"author":[{"embeddable":true,"href":"https:\/\/schubartschule.de\/index.php?rest_route=\/wp\/v2\/users\/2"}],"replies":[{"embeddable":true,"href":"https:\/\/schubartschule.de\/index.php?rest_route=%2Fwp%2Fv2%2Fcomments&post=70"}],"version-history":[{"count":1,"href":"https:\/\/schubartschule.de\/index.php?rest_route=\/wp\/v2\/pages\/70\/revisions"}],"predecessor-version":[{"id":72,"href":"https:\/\/schubartschule.de\/index.php?rest_route=\/wp\/v2\/pages\/70\/revisions\/72"}],"wp:attachment":[{"href":"https:\/\/schubartschule.de\/index.php?rest_route=%2Fwp%2Fv2%2Fmedia&parent=70"}],"curies":[{"name":"wp","href":"https:\/\/api.w.org\/{rel}","templated":true}]}}